{"id":1806,"date":"2016-01-26T14:45:03","date_gmt":"2016-01-26T12:45:03","guid":{"rendered":"http:\/\/eldokumahalitamiri.com\/iletisim-istanbul\/"},"modified":"2022-02-09T02:02:23","modified_gmt":"2022-02-08T23:02:23","slug":"kontakt","status":"publish","type":"page","link":"https:\/\/eldokumahalitamiri.com\/az\/kontakt\/","title":{"rendered":"Kontakt"},"content":{"rendered":"<p>[vc_row type=&#8221;vc_default&#8221;][vc_column][vc_column_text]<\/p>\n<h1 style=\"text-align: center;\">Kontakt<\/h1>\n<p style=\"text-align: center;\">Biz m\u00fcxt\u0259lif z\u0259d\u0259l\u0259ri olan h\u0259r n\u00f6v xal\u00e7alarla i\u015fl\u0259yib, \u0259n m\u00fcr\u0259kk\u0259b b\u0259rpa i\u015fl\u0259rini yerin\u0259 yetiririk.<\/p>\n<p style=\"text-align: center;\">\u0130stanbul \u00e7ox rahat bir yerd\u0259 yerl\u0259\u015fir. Hans\u0131 \u00f6lk\u0259d\u0259 ya\u015fad\u0131\u011f\u0131n\u0131zdan as\u0131l\u0131 olmayaraq, bu \u015f\u0259h\u0259r\u0259 g\u0259lm\u0259k sizin \u00fc\u00e7\u00fcn he\u00e7 bir problem yaratmayacaq. C\u0259mi bir ne\u00e7\u0259 saat t\u0259yyar\u0259 il\u0259 u\u00e7u\u015fdan sonra sizin xal\u00e7an\u0131z istedadl\u0131 ekspertl\u0259rin \u0259lin\u0259 d\u00fc\u015f\u0259c\u0259k. B\u0259rpa m\u0259qs\u0259di il\u0259 biz\u0259 xal\u00e7an\u0131 ver\u0259rk\u0259n, tam \u0259min ola bil\u0259rsiniz ki, b\u0259rpadan sonra siz xal\u00e7an\u0131n hans\u0131 yerind\u0259 z\u0259d\u0259 oldu\u011funu he\u00e7 bilm\u0259y\u0259c\u0259ksiniz.<\/p>\n<p>[\/vc_column_text][vc_column_text]<i class=\"fa fa-home\"><\/i> Bab-\u0131 Ali Cd., Ba\u015f Musahip Sk. 7\/73-A, Kat 4\u00a0 (Bab\u0131ali Hal\u0131c\u0131lar \u00c7ar\u015f\u0131s\u0131), Fatih, \u0130stanbul \u2013 T\u00fcrkiye, 34110<br \/>\n<i class=\"fa fa-phone\"><\/i> +90 212 511 58 15<br \/>\n<i class=\"fa fa-mobile\"><\/i> <a href=\"https:\/\/api.whatsapp.com\/send?phone=905326360810\"> +90 (532) 636 08 10 (WhatsApp)<\/a><br \/>\n<i class=\"fa fa-envelope-o\"><\/i> <a href=\"mailto:ahmetbayrakdar68@gmail.com\">ahmetbayrakdar68@gmail.com<\/a>[\/vc_column_text][vc_gmaps link=&#8221;#E-8_JTNDaWZyYW1lJTIwc3JjJTNEJTIyaHR0cHMlM0ElMkYlMkZ3d3cuZ29vZ2xlLmNvbSUyRm1hcHMlMkZlbWJlZCUzRnBiJTNEJTIxMW0xOCUyMTFtMTIlMjExbTMlMjExZDcxNjAuNzI4NTA5NDkxNzk0JTIxMmQyOC45NzE2ODIxMzkzMDcwNyUyMTNkNDEuMDA5NjAwNTM3MzgwOTYlMjEybTMlMjExZjAlMjEyZjAlMjEzZjAlMjEzbTIlMjExaTEwMjQlMjEyaTc2OCUyMTRmMTMuMSUyMTNtMyUyMTFtMiUyMTFzMHgxNGNhYjk5NjcxOTc0MjYzJTI1M0EweDFhZTkxN2QxMzJhY2FlMmUlMjEyc0VsJTI1MjBEb2t1bWElMjUyMEhhbCUyNUM0JTI1QjElMjUyMFRhbWlyaSUyMTVlMCUyMTNtMiUyMTFzZW4lMjEyc3RyJTIxNHYxNjQ0MDkxNjgzOTk0JTIxNW0yJTIxMXNlbiUyMTJzdHIlMjIlMjB3aWR0aCUzRCUyMjYwMCUyMiUyMGhlaWdodCUzRCUyMjQ1MCUyMiUyMHN0eWxlJTNEJTIyYm9yZGVyJTNBMCUzQiUyMiUyMGFsbG93ZnVsbHNjcmVlbiUzRCUyMiUyMiUyMGxvYWRpbmclM0QlMjJsYXp5JTIyJTNFJTNDJTJGaWZyYW1lJTNF&#8221; size=&#8221;300&#8243;][contact-form-7 id=&#8221;1622&#8243;][\/vc_column][\/vc_row]<\/p>\n","protected":false},"excerpt":{"rendered":"<p>[vc_row type=&#8221;vc_default&#8221;][vc_column][vc_column_text] Kontakt Biz m\u00fcxt\u0259lif z\u0259d\u0259l\u0259ri olan h\u0259r n\u00f6v xal\u00e7alarla i\u015fl\u0259yib, \u0259n m\u00fcr\u0259kk\u0259b b\u0259rpa i\u015fl\u0259rini yerin\u0259 yetiririk. \u0130stanbul \u00e7ox rahat bir yerd\u0259 yerl\u0259\u015fir. Hans\u0131 \u00f6lk\u0259d\u0259 ya\u015fad\u0131\u011f\u0131n\u0131zdan as\u0131l\u0131 olmayaraq, bu \u015f\u0259h\u0259r\u0259 g\u0259lm\u0259k sizin \u00fc\u00e7\u00fcn he\u00e7 bir problem yaratmayacaq. C\u0259mi bir ne\u00e7\u0259 saat t\u0259yyar\u0259 il\u0259 u\u00e7u\u015fdan sonra sizin xal\u00e7an\u0131z istedadl\u0131 ekspertl\u0259rin \u0259lin\u0259 d\u00fc\u015f\u0259c\u0259k. B\u0259rpa m\u0259qs\u0259di il\u0259 biz\u0259&hellip;<\/p>\n","protected":false},"author":2,"featured_media":0,"parent":0,"menu_order":0,"comment_status":"closed","ping_status":"closed","template":"","meta":{"footnotes":""},"class_list":["post-1806","page","type-page","status-publish","hentry","description-off"],"aioseo_notices":[],"_links":{"self":[{"href":"https:\/\/eldokumahalitamiri.com\/az\/wp-json\/wp\/v2\/pages\/1806","targetHints":{"allow":["GET"]}}],"collection":[{"href":"https:\/\/eldokumahalitamiri.com\/az\/wp-json\/wp\/v2\/pages"}],"about":[{"href":"https:\/\/eldokumahalitamiri.com\/az\/wp-json\/wp\/v2\/types\/page"}],"author":[{"embeddable":true,"href":"https:\/\/eldokumahalitamiri.com\/az\/wp-json\/wp\/v2\/users\/2"}],"replies":[{"embeddable":true,"href":"https:\/\/eldokumahalitamiri.com\/az\/wp-json\/wp\/v2\/comments?post=1806"}],"version-history":[{"count":0,"href":"https:\/\/eldokumahalitamiri.com\/az\/wp-json\/wp\/v2\/pages\/1806\/revisions"}],"wp:attachment":[{"href":"https:\/\/eldokumahalitamiri.com\/az\/wp-json\/wp\/v2\/media?parent=1806"}],"curies":[{"name":"wp","href":"https:\/\/api.w.org\/{rel}","templated":true}]}}