{"id":1826,"date":"2016-01-26T14:31:36","date_gmt":"2016-01-26T12:31:36","guid":{"rendered":"http:\/\/eldokumahalitamiri.com\/kurumsal\/"},"modified":"2022-02-09T19:42:37","modified_gmt":"2022-02-09T16:42:37","slug":"haqqinda","status":"publish","type":"page","link":"https:\/\/eldokumahalitamiri.com\/az\/haqqinda\/","title":{"rendered":"Haqq\u0131nda"},"content":{"rendered":"<p>[vc_row type=&#8221;vc_default&#8221;][vc_column][vc_column_text]<\/p>\n<h1 style=\"text-align: center;\">Haqq\u0131nda<\/h1>\n<p style=\"text-align: center;\">Xal\u00e7alar\u0131n t\u0259miri v\u0259 b\u0259rpas\u0131 \u00fczr\u0259 emalatxanan\u0131n sayt\u0131na xo\u015f g\u0259lmisiniz! M\u0259nim ad\u0131m Ahmet Bayrakdard\u0131r. H\u0259yat\u0131m boyu m\u0259n antikvar, q\u0259dim v\u0259 adi xal\u00e7alar\u0131n t\u0259miri, b\u0259rpas\u0131 v\u0259 ekspertizas\u0131 il\u0259 m\u0259\u015f\u011ful oluram. M\u0259nim emalatxanam \u0130stanbul \u015f\u0259h\u0259rinin tarixi m\u0259rk\u0259zind\u0259 yerl\u0259\u015fir. Burada d\u00fcnyan\u0131n m\u00fcxt\u0259lif \u00f6lk\u0259l\u0259rind\u0259n g\u0259l\u0259n pe\u015f\u0259karlar \u00e7al\u0131\u015f\u0131r.<\/p>\n<p>[\/vc_column_text][vc_single_image image=&#8221;319&#8243; img_size=&#8221;full&#8221; alignment=&#8221;center&#8221;][vc_column_text]Xal\u00e7an\u0131n m\u0259n\u015f\u0259yind\u0259n as\u0131l\u0131 olaraq onun t\u0259miri il\u0259 m\u00fcxt\u0259lif ustalar m\u0259\u015f\u011ful olur. M\u0259s\u0259l\u0259n, iran xal\u00e7alar\u0131n\u0131n t\u0259miri il\u0259 \u0130randan olan ekspertl\u0259rimiz, t\u00fcrk xal\u00e7alar\u0131 il\u0259 &#8211; t\u00fcrk ustalar\u0131, \u00e7in xal\u00e7alar\u0131 il\u0259 &#8211; \u00e7in ustalar\u0131 m\u0259\u015f\u011ful olur. Xal\u00e7alar\u0131n t\u0259miri v\u0259 b\u0259rpas\u0131 n\u0259sild\u0259n n\u0259sil\u0259 ke\u00e7\u0259n \u0259sl inc\u0259s\u0259n\u0259tdir. Q\u0259dim v\u0259 antikvar xal\u00e7alara g\u00fcnd\u0259n \u2013 g\u00fcn\u0259 maraq art\u0131r.<\/p>\n<p>Asiya \u00f6lk\u0259l\u0259rind\u0259 ip\u0259k xal\u00e7alar\u0131n t\u0259mirin\u0259 x\u00fcsusi maraq g\u00f6st\u0259rilir. Maraql\u0131 v\u0259 vacib faktd\u0131r ki, 1 sm2 sah\u0259d\u0259 olan ilm\u0259l\u0259rin say\u0131 800-\u0259 \u00e7at\u0131r.<\/p>\n<h2>Ahmet Bayrakdar &#8211; \u00d6z\u00fcm Haqda<\/h2>\n<p>M\u0259n 1972 \u2013 ci ild\u0259 A\u011fsaray \u015f\u0259h\u0259rind\u0259 anadan olmu\u015fam, t\u0259hsilimi h\u0259min \u015f\u0259h\u0259rd\u0259 alm\u0131\u015fam. T\u0259l\u0259b\u0259 ill\u0259rimd\u0259 bir xobbi kimi m\u0259n xal\u00e7alar\u0131n t\u0259miri il\u0259 m\u0259\u015f\u011ful olma\u011fa ba\u015flad\u0131m v\u0259 hal haz\u0131rda m\u0259n \u0130stanbulda yerl\u0259\u015f\u0259n emalatxanamda q\u0259dim v\u0259 antikvar xal\u00e7alar\u0131 pe\u015f\u0259karcas\u0131na b\u0259rpa edir\u0259m.<\/p>\n<p>1987 \u2013 1994 ill\u0259rd\u0259 m\u0259n usta k\u00f6m\u0259k\u00e7isi kimi i\u015fl\u0259yib, bu inc\u0259s\u0259n\u0259t\u0259 yiy\u0259l\u0259nmi\u015f\u0259m. H\u0259l\u0259 h\u0259min ill\u0259rd\u0259 m\u0259n ciddi z\u0259d\u0259l\u0259nmi\u015f xal\u00e7alar\u0131n b\u0259rpas\u0131 il\u0259 m\u0259\u015f\u011ful olma\u011fa ba\u015flad\u0131m.<\/p>\n<p>Bu i\u015f pe\u015f\u0259karl\u0131q t\u0259l\u0259b edirdi. Tezlikl\u0259 m\u0259n u\u011fur qazand\u0131m, \u00e7\u00fcnki sevdiyim i\u015fl\u0259 m\u0259\u015f\u011ful idim. Bel\u0259likl\u0259, 1994 \u2013 c\u00fc ild\u0259 \u201cAhmet Bayrakdar\u201d ad\u0131nda \u00f6z emalatxanam\u0131 yaratd\u0131m. G\u00f6rd\u00fcy\u00fcm i\u015f\u0259 vicdanla yana\u015fd\u0131\u011f\u0131ma g\u00f6r\u0259, \u00e7ox qisa bir zamanda h\u0259m T\u00fcrkiy\u0259d\u0259, h\u0259m d\u0259 \u0259cn\u0259bi \u00f6lk\u0259l\u0259rd\u0259 \u015f\u00f6hr\u0259t qazand\u0131m.<\/p>\n<p>1998 \u2013 ci ild\u0259 m\u0259n ilk d\u0259f\u0259 olaraq Yaponiyada ke\u00e7iril\u0259n xal\u00e7a s\u0259rgisin\u0259 d\u0259v\u0259t olundum. Orada m\u0259n xal\u00e7a\u00e7\u0131l\u0131\u011f\u0131n \u0259l texnikas\u0131 v\u0259 b\u0259rpas\u0131 m\u00f6vzusunda m\u0259ruz\u0259 il\u0259 \u00e7\u0131x\u0131\u015f etdim. O vaxtdan m\u0259n m\u00fct\u0259madi olaraq Yaponiyada, C\u0259nubi Koreyada v\u0259 Dubayda ke\u00e7iril\u0259n s\u0259rgil\u0259rd\u0259 v\u0259 xal\u00e7a\u00e7\u0131l\u0131q s\u0259n\u0259ti il\u0259 ba\u011fl\u0131 t\u0259dbirl\u0259rd\u0259 i\u015ftirak edir\u0259m. Hal haz\u0131rda \u0130stanbul \u015f\u0259h\u0259rind\u0259 \u00f6z i\u015fimi davam etdirir\u0259m. D\u00fcnyan\u0131n m\u00fcxt\u0259lif \u00f6lk\u0259l\u0259rind\u0259n olan \u0259sl pe\u015f\u0259karlar komandas\u0131 y\u0131\u011f\u0131b, birlikd\u0259 \u0259n \u00e7\u0259tin sifari\u015fl\u0259ri q\u0259bul edib, u\u011furla yerin\u0259 yetiririk.<\/p>\n<h2>N\u0259 \u00dc\u00e7\u00fcn \u0130stanbulda?<\/h2>\n<p>Dem\u0259k olar ki, h\u0259r \u00f6lk\u0259d\u0259 kolleksiya\u00e7\u0131lar, antikvarlar v\u0259 q\u0259dim xal\u00e7alarla maraqlanan adi insanlar var. Lakin xal\u00e7an\u0131 b\u0259rpa etm\u0259k imkan\u0131 h\u0259r \u00f6lk\u0259d\u0259 olmur. Ax\u0131 xal\u00e7an\u0131n b\u0259rpas\u0131 t\u0259kc\u0259 t\u0259mir dem\u0259k deyil. Bu h\u0259m bilik v\u0259 t\u0259cr\u00fcb\u0259, h\u0259m d\u0259 istedad t\u0259l\u0259b ed\u0259n bir inc\u0259s\u0259n\u0259tdir. Burada h\u0259r bir ilm\u0259nin, h\u0259r bir sap\u0131n \u0259h\u0259miyy\u0259ti vard\u0131r. \u018fl il\u0259 toxunulan xal\u00e7alar\u0131n istehsal\u0131 T\u00fcrkiy\u0259d\u0259 \u00e7ox inki\u015faf edib. Buna g\u00f6r\u0259 d\u0259 burada xal\u00e7an\u0131 tan\u0131y\u0131rlar, sevirl\u0259r v\u0259 anlay\u0131rlar. Xal\u00e7a\u00e7\u0131l\u0131q T\u00fcrkiy\u0259 m\u0259d\u0259niyy\u0259tinin bir hiss\u0259sidir, \u0259n\u0259n\u0259vi s\u0259n\u0259tidir. \u018fsl b\u0259rpa\u00e7\u0131 ustalar\u0131n say\u0131 d\u00fcnyada \u00e7ox azd\u0131r, v\u0259 onlar\u0131n \u0259n istedadl\u0131lar\u0131 bizim emalatxanada \u00e7al\u0131\u015f\u0131rlar. Biz m\u00fcxt\u0259lif z\u0259d\u0259l\u0259ri olan h\u0259r n\u00f6v xal\u00e7alarla i\u015fl\u0259yib, \u0259n m\u00fcr\u0259kk\u0259b b\u0259rpa i\u015fl\u0259rini yerin\u0259 yetiririk.<\/p>\n<p>\u0130stanbul \u00e7ox rahat bir yerd\u0259 yerl\u0259\u015fir. Hans\u0131 \u00f6lk\u0259d\u0259 ya\u015fad\u0131\u011f\u0131n\u0131zdan as\u0131l\u0131 olmayaraq, bu \u015f\u0259h\u0259r\u0259 g\u0259lm\u0259k sizin \u00fc\u00e7\u00fcn he\u00e7 bir problem yaratmayacaq. C\u0259mi bir ne\u00e7\u0259 saat t\u0259yyar\u0259 il\u0259 u\u00e7u\u015fdan sonra sizin xal\u00e7an\u0131z istedadl\u0131 ekspertl\u0259rin \u0259lin\u0259 d\u00fc\u015f\u0259c\u0259k.B\u0259rpa m\u0259qs\u0259di il\u0259 biz\u0259 xal\u00e7an\u0131 ver\u0259rk\u0259n, tam \u0259min ola bil\u0259rsiniz ki, b\u0259rpadan sonra siz xal\u00e7an\u0131n hans\u0131 yerind\u0259 z\u0259d\u0259 oldu\u011funu he\u00e7 bilm\u0259y\u0259c\u0259ksiniz. Siz xal\u00e7an\u0131 \u00f6z\u00fcn\u00fcz g\u0259tir\u0259 bil\u0259rsiniz v\u0259 yaxud da n\u0259qliyyat kompaniyas\u0131 vasit\u0259si il\u0259 g\u00f6nd\u0259r\u0259 bil\u0259rsiniz. H\u0259min yolla da xal\u00e7an\u0131 b\u0259rpadan sonra geri g\u00f6t\u00fcr\u0259 bil\u0259rsiniz. Baxmayaraq ki, b\u00fct\u00fcn f\u0259aliyy\u0259timiz boyu birc\u0259 d\u0259f\u0259 d\u0259 s\u0259hv\u0259 yol verilm\u0259yib, bizim i\u015fimiz s\u0131\u011fortalan\u0131r v\u0259 xal\u00e7an\u0131n g\u00f6nd\u0259rilm\u0259sin\u0259 biz tam z\u0259man\u0259t veririk. \u0130lkin olaraq biz tamamil\u0259 pulsuz ekspert r\u0259yini veririk. Siz h\u0259m d\u0259 po\u00e7t vasit\u0259si il\u0259 xal\u00e7an\u0131n foto \u015f\u0259klini g\u00f6nd\u0259rib, bizim cavab\u0131m\u0131z\u0131 ala bil\u0259rsiniz.[\/vc_column_text][\/vc_column][\/vc_row]<\/p>\n","protected":false},"excerpt":{"rendered":"<p>[vc_row type=&#8221;vc_default&#8221;][vc_column][vc_column_text] Haqq\u0131nda Xal\u00e7alar\u0131n t\u0259miri v\u0259 b\u0259rpas\u0131 \u00fczr\u0259 emalatxanan\u0131n sayt\u0131na xo\u015f g\u0259lmisiniz! M\u0259nim ad\u0131m Ahmet Bayrakdard\u0131r. H\u0259yat\u0131m boyu m\u0259n antikvar, q\u0259dim v\u0259 adi xal\u00e7alar\u0131n t\u0259miri, b\u0259rpas\u0131 v\u0259 ekspertizas\u0131 il\u0259 m\u0259\u015f\u011ful oluram. M\u0259nim emalatxanam \u0130stanbul \u015f\u0259h\u0259rinin tarixi m\u0259rk\u0259zind\u0259 yerl\u0259\u015fir. Burada d\u00fcnyan\u0131n m\u00fcxt\u0259lif \u00f6lk\u0259l\u0259rind\u0259n g\u0259l\u0259n pe\u015f\u0259karlar \u00e7al\u0131\u015f\u0131r. [\/vc_column_text][vc_single_image image=&#8221;319&#8243; img_size=&#8221;full&#8221; alignment=&#8221;center&#8221;][vc_column_text]Xal\u00e7an\u0131n m\u0259n\u015f\u0259yind\u0259n as\u0131l\u0131 olaraq onun t\u0259miri il\u0259&hellip;<\/p>\n","protected":false},"author":2,"featured_media":0,"parent":0,"menu_order":0,"comment_status":"closed","ping_status":"closed","template":"","meta":{"footnotes":""},"class_list":["post-1826","page","type-page","status-publish","hentry","description-off"],"aioseo_notices":[],"_links":{"self":[{"href":"https:\/\/eldokumahalitamiri.com\/az\/wp-json\/wp\/v2\/pages\/1826","targetHints":{"allow":["GET"]}}],"collection":[{"href":"https:\/\/eldokumahalitamiri.com\/az\/wp-json\/wp\/v2\/pages"}],"about":[{"href":"https:\/\/eldokumahalitamiri.com\/az\/wp-json\/wp\/v2\/types\/page"}],"author":[{"embeddable":true,"href":"https:\/\/eldokumahalitamiri.com\/az\/wp-json\/wp\/v2\/users\/2"}],"replies":[{"embeddable":true,"href":"https:\/\/eldokumahalitamiri.com\/az\/wp-json\/wp\/v2\/comments?post=1826"}],"version-history":[{"count":0,"href":"https:\/\/eldokumahalitamiri.com\/az\/wp-json\/wp\/v2\/pages\/1826\/revisions"}],"wp:attachment":[{"href":"https:\/\/eldokumahalitamiri.com\/az\/wp-json\/wp\/v2\/media?parent=1826"}],"curies":[{"name":"wp","href":"https:\/\/api.w.org\/{rel}","templated":true}]}}