{"id":1867,"date":"2016-01-26T14:32:36","date_gmt":"2016-01-26T12:32:36","guid":{"rendered":"http:\/\/eldokumahalitamiri.com\/hali-tamiri\/"},"modified":"2022-02-09T19:08:52","modified_gmt":"2022-02-09T16:08:52","slug":"xalca-temiri","status":"publish","type":"page","link":"https:\/\/eldokumahalitamiri.com\/az\/xalca-temiri\/","title":{"rendered":"Xal\u00e7a T\u0259miri"},"content":{"rendered":"<p>[vc_row type=&#8221;vc_default&#8221;][vc_column][vc_column_text]<\/p>\n<h1 style=\"text-align: center;\">Xal\u00e7a T\u0259miri<\/h1>\n<p style=\"text-align: justify;\">Antikvar v\u0259 nadir xal\u00e7alar inc\u0259s\u0259n\u0259t \u0259s\u0259rl\u0259ridir! \u018fl il\u0259 toxunan xal\u00e7alar\u0131n \u0259ks\u0259riyy\u0259tinin ya\u015f\u0131 100 ild\u0259n yuxar\u0131d\u0131r. Onlar \u00e7ox qiym\u0259tlidirl\u0259r, bahal\u0131d\u0131rlar v\u0259 onlar\u0131n d\u0259y\u0259ri ild\u0259n \u2013 il\u0259 art\u0131r. Antikvar xal\u00e7alar\u0131n d\u0259y\u0259rini qorumaq \u00fc\u00e7\u00fcn, onlara qulluq etm\u0259k v\u0259 pe\u015f\u0259kar ixtisas\u00e7\u0131n\u0131n n\u0259zar\u0259ti alt\u0131nda saxlamaq laz\u0131md\u0131r. D\u0259y\u0259rli m\u0259sl\u0259h\u0259tl\u0259r v\u0259 t\u00f6vsiyy\u0259l\u0259r almaq \u00fc\u00e7\u00fcn bel\u0259 xal\u00e7alar\u0131 ild\u0259 \u0259n az\u0131 bir d\u0259f\u0259 b\u0259rpa\u00e7\u0131 ustaya g\u00f6st\u0259rm\u0259k t\u0259l\u0259b olunur. Ola bilsin ki, xal\u00e7an\u0131n b\u0259zi hiss\u0259l\u0259rin\u0259 t\u0259mir i\u015fl\u0259ri, v\u0259 yaxud da xovun s\u00fcrt\u00fclm\u0259sinin qar\u015f\u0131s\u0131n\u0131 almaq laz\u0131m olsun. Xal\u00e7an\u0131 kimy\u0259vi t\u0259mizl\u0259m\u0259y\u0259 verm\u0259k t\u00f6vsiyy\u0259 olunur. Orada \u0259l i\u015fi olan xal\u00e7alar\u0131n t\u0259mizl\u0259nm\u0259si \u00fc\u00e7\u00fcn z\u0259ruri avadanl\u0131\u011f\u0131n v\u0259 xovun t\u0259hl\u00fck\u0259sizliyini qoruyan x\u00fcsusi vasit\u0259l\u0259rin m\u00f6vcudlu\u011funa diqq\u0259t yetirm\u0259k vacibdir. Xal\u00e7an\u0131n d\u00fczg\u00fcn t\u0259mizl\u0259nm\u0259m\u0259si onu b\u0259rpa etm\u0259k m\u0259cburiyy\u0259tin\u0259 g\u0259tirib \u00e7\u0131xara bil\u0259r. \u018fg\u0259r siz ist\u0259yirsinizs\u0259 xal\u00e7an\u0131za pe\u015f\u0259kar usta bax\u0131b \u00f6z r\u0259yini versin, biz sizi b\u00f6y\u00fck m\u0259mnuniyy\u0259tl\u0259 emalatxanam\u0131zda g\u00f6zl\u0259yirik!<\/p>\n<p>[\/vc_column_text][\/vc_column][\/vc_row][vc_row type=&#8221;vc_default&#8221;][vc_column width=&#8221;1\/2&#8243;][vc_single_image image=&#8221;462&#8243; img_size=&#8221;full&#8221;][\/vc_column][vc_column width=&#8221;1\/2&#8243;][vc_single_image image=&#8221;458&#8243; img_size=&#8221;full&#8221;][\/vc_column][\/vc_row]<\/p>\n","protected":false},"excerpt":{"rendered":"<p>[vc_row type=&#8221;vc_default&#8221;][vc_column][vc_column_text] Xal\u00e7a T\u0259miri Antikvar v\u0259 nadir xal\u00e7alar inc\u0259s\u0259n\u0259t \u0259s\u0259rl\u0259ridir! \u018fl il\u0259 toxunan xal\u00e7alar\u0131n \u0259ks\u0259riyy\u0259tinin ya\u015f\u0131 100 ild\u0259n yuxar\u0131d\u0131r. Onlar \u00e7ox qiym\u0259tlidirl\u0259r, bahal\u0131d\u0131rlar v\u0259 onlar\u0131n d\u0259y\u0259ri ild\u0259n \u2013 il\u0259 art\u0131r. Antikvar xal\u00e7alar\u0131n d\u0259y\u0259rini qorumaq \u00fc\u00e7\u00fcn, onlara qulluq etm\u0259k v\u0259 pe\u015f\u0259kar ixtisas\u00e7\u0131n\u0131n n\u0259zar\u0259ti alt\u0131nda saxlamaq laz\u0131md\u0131r. D\u0259y\u0259rli m\u0259sl\u0259h\u0259tl\u0259r v\u0259 t\u00f6vsiyy\u0259l\u0259r almaq \u00fc\u00e7\u00fcn bel\u0259 xal\u00e7alar\u0131 ild\u0259 \u0259n&hellip;<\/p>\n","protected":false},"author":2,"featured_media":0,"parent":0,"menu_order":0,"comment_status":"closed","ping_status":"closed","template":"","meta":{"footnotes":""},"class_list":["post-1867","page","type-page","status-publish","hentry","description-off"],"aioseo_notices":[],"_links":{"self":[{"href":"https:\/\/eldokumahalitamiri.com\/az\/wp-json\/wp\/v2\/pages\/1867","targetHints":{"allow":["GET"]}}],"collection":[{"href":"https:\/\/eldokumahalitamiri.com\/az\/wp-json\/wp\/v2\/pages"}],"about":[{"href":"https:\/\/eldokumahalitamiri.com\/az\/wp-json\/wp\/v2\/types\/page"}],"author":[{"embeddable":true,"href":"https:\/\/eldokumahalitamiri.com\/az\/wp-json\/wp\/v2\/users\/2"}],"replies":[{"embeddable":true,"href":"https:\/\/eldokumahalitamiri.com\/az\/wp-json\/wp\/v2\/comments?post=1867"}],"version-history":[{"count":0,"href":"https:\/\/eldokumahalitamiri.com\/az\/wp-json\/wp\/v2\/pages\/1867\/revisions"}],"wp:attachment":[{"href":"https:\/\/eldokumahalitamiri.com\/az\/wp-json\/wp\/v2\/media?parent=1867"}],"curies":[{"name":"wp","href":"https:\/\/api.w.org\/{rel}","templated":true}]}}