{"id":1889,"date":"2016-01-26T14:32:36","date_gmt":"2016-01-26T12:32:36","guid":{"rendered":"http:\/\/eldokumahalitamiri.com\/hali-tamiri\/"},"modified":"2022-02-09T19:56:05","modified_gmt":"2022-02-09T16:56:05","slug":"teppichpflege","status":"publish","type":"page","link":"https:\/\/eldokumahalitamiri.com\/de\/teppichpflege\/","title":{"rendered":"Teppichpflege"},"content":{"rendered":"<p>[vc_row type=&#8220;vc_default&#8220;][vc_column][vc_column_text]<\/p>\n<h1 style=\"text-align: center;\">Teppichpflege<\/h1>\n<p style=\"text-align: justify;\">Antike und seltene Teppiche sind Kunstwerke!<\/p>\n<p style=\"text-align: justify;\">Viele von ihnen sind Jahrzehnte und Jahrhunderte alt. Sie sind sehr wertvoll und teuer und jedes Jahr werden sie noch wertvoller. Damit antike Teppiche nicht an Wert verlieren, sollten sie gut behandelt und von einem Spezialisten kontrolliert werden. Solch ein Teppich sollte mindestens einmal j\u00e4hrlich einem Experten vorgef\u00fchrt werden. Der Besitzer wird dabei wichtige Ratschl\u00e4ge und Empfehlungen erhalten, wie er den Teppich behandeln sollte. Der Teppich muss zudem vielleicht auch repariert werden oder Flor-Abrasion vorgebeugt werden.<\/p>\n<p style=\"text-align: justify;\">Es ist besser, einen Teppich in eine Reinigung zu geben, die sich auf die Reinigung handgemachter Teppiche spezialisiert und alle notwendige Ausr\u00fcstung und spezielle Reinigungsmittel f\u00fcr Flor vorr\u00e4tig hat. Falsches Reinigen k\u00f6nnte die Notwendigkeit einer Restauration verursachen.<\/p>\n<p style=\"text-align: justify;\">Wenn Sie Ihren Teppich von einem Experten begutachten lassen m\u00f6chten, empfangen wir Sie gern in unserer Werkstatt.<\/p>\n<p>[\/vc_column_text][\/vc_column][\/vc_row][vc_row type=&#8220;vc_default&#8220;][vc_column width=&#8220;1\/2&#8243;][vc_single_image image=&#8220;462&#8243; img_size=&#8220;full&#8220;][\/vc_column][vc_column width=&#8220;1\/2&#8243;][vc_single_image image=&#8220;458&#8243; img_size=&#8220;full&#8220;][\/vc_column][\/vc_row]<\/p>\n","protected":false},"excerpt":{"rendered":"<p>[vc_row type=&#8220;vc_default&#8220;][vc_column][vc_column_text] Teppichpflege Antike und seltene Teppiche sind Kunstwerke! Viele von ihnen sind Jahrzehnte und Jahrhunderte alt. Sie sind sehr wertvoll und teuer und jedes Jahr werden sie noch wertvoller. Damit antike Teppiche nicht an Wert verlieren, sollten sie gut behandelt und von einem Spezialisten kontrolliert werden. Solch ein Teppich sollte mindestens einmal j\u00e4hrlich einem&hellip;<\/p>\n","protected":false},"author":2,"featured_media":0,"parent":0,"menu_order":0,"comment_status":"closed","ping_status":"closed","template":"","meta":{"footnotes":""},"class_list":["post-1889","page","type-page","status-publish","hentry","description-off"],"aioseo_notices":[],"_links":{"self":[{"href":"https:\/\/eldokumahalitamiri.com\/de\/wp-json\/wp\/v2\/pages\/1889","targetHints":{"allow":["GET"]}}],"collection":[{"href":"https:\/\/eldokumahalitamiri.com\/de\/wp-json\/wp\/v2\/pages"}],"about":[{"href":"https:\/\/eldokumahalitamiri.com\/de\/wp-json\/wp\/v2\/types\/page"}],"author":[{"embeddable":true,"href":"https:\/\/eldokumahalitamiri.com\/de\/wp-json\/wp\/v2\/users\/2"}],"replies":[{"embeddable":true,"href":"https:\/\/eldokumahalitamiri.com\/de\/wp-json\/wp\/v2\/comments?post=1889"}],"version-history":[{"count":0,"href":"https:\/\/eldokumahalitamiri.com\/de\/wp-json\/wp\/v2\/pages\/1889\/revisions"}],"wp:attachment":[{"href":"https:\/\/eldokumahalitamiri.com\/de\/wp-json\/wp\/v2\/media?parent=1889"}],"curies":[{"name":"wp","href":"https:\/\/api.w.org\/{rel}","templated":true}]}}